{"id":2925,"date":"2017-06-02T16:17:43","date_gmt":"2017-06-02T14:17:43","guid":{"rendered":"http:\/\/afatfc.cat\/cms\/?page_id=2925"},"modified":"2020-10-15T14:49:33","modified_gmt":"2020-10-15T12:49:33","slug":"faqs","status":"publish","type":"page","link":"https:\/\/afatfc.cat\/cms\/ampasoft\/faqs\/","title":{"rendered":"Preguntes freq\u00fcents"},"content":{"rendered":"<div class=\"fusion-fullwidth fullwidth-box fusion-builder-row-1 nonhundred-percent-fullwidth non-hundred-percent-height-scrolling\" style=\"--awb-border-radius-top-left:0px;--awb-border-radius-top-right:0px;--awb-border-radius-bottom-right:0px;--awb-border-radius-bottom-left:0px;--awb-flex-wrap:wrap;\" ><div class=\"fusion-builder-row fusion-row\"><div class=\"fusion-layout-column fusion_builder_column fusion-builder-column-0 fusion_builder_column_3_4 3_4 fusion-three-fourth fusion-column-first\" style=\"--awb-bg-size:cover;width:75%;width:calc(75% - ( ( 4% ) * 0.75 ) );margin-right: 4%;\"><div class=\"fusion-column-wrapper fusion-flex-column-wrapper-legacy\"><div class=\"fusion-text fusion-text-1\"><h2>Preguntes freq\u00fcents:<\/h2>\n<h3>1.- \u00bfCom em dono d\u2019alta a l\u2019AMPAsoft?<\/h3>\n<p>Rebr\u00e0s un correu de noreplayampaescolalescorts@ampasoft.net on se\u2019t donar\u00e0 un vincle, en el qual has d\u2019introduir el teu usuari (correu electr\u00f2nic on has rebut aquest e-mail, que \u00e9s el que figura en la BBDD AFA) i inventar-te una contrasenya.<\/p>\n<p>A partir d\u2019aquest moment ja pots entrar sempre que vulguis en el teu compte d\u2019AMPAsoft, b\u00e9 a trav\u00e9s <a href=\"https:\/\/ampaescolalescorts.ampasoft.net\/login_ampasoft\" target=\"_blank\" rel=\"noopener noreferrer\">vincle<\/a> o directament en <a href=\"https:\/\/afatfc.cat\/cms\/ampasoft\/\">l\u2019apartat AMPAsoft<\/a> de la web de l\u2019AMPA.<\/p>\n<h3>2.- \u00bfQuin \u00e9s el meu usuari?<\/h3>\n<p>El teu usuari \u00e9s el correu que vas facilitar a l\u2019AFA en el seu dia i on reps el butlletins i comunicats de l\u2019AFA.<\/p>\n<h3>3.- \u00bfQu\u00e8 faig si no recordo la contrasenya?<\/h3>\n<p>Accedeix directament, a trav\u00e9s de la web, al portal d\u2019AMPAsoft i posant el teu usuari,\u00a0veur\u00e0s a baix a l\u2019esquerra el \u201cRecupera contrasenya\u201d, prem-ho i en el teu correu rebr\u00e0s\u00a0un nou vincle per crear una nova contrasenya.<\/p>\n<h3>4.- Han passat 24 hores de l\u2019e-mail de benvinguda i ja no puc entrar \u00bfQu\u00e8\u00a0faig?<\/h3>\n<p>Accedeix directament, a trav\u00e9s de la web, al portal d\u2019AMPAsoft i posant el teu usuari\u00a0(correu electr\u00f2nic), veur\u00e0s avall a l\u2019esquerra el \u201cRecupera contrasenya\u201d, prem-ho i en\u00a0el teu correu rebr\u00e0s un nou vincle per crear una nova contrasenya i poder-te donar\u00a0d\u2019alta.<\/p>\n<h3>5.- \u00bfQuines dades cal que revisi i modifiqui si no s\u00f3n correctes?<\/h3>\n<p>Aquelles dades que figuren dins l\u2019apartat Associats:<\/p>\n<ul>\n<li>Pares \/ Mares \/ Tutors: Feu especial atenci\u00f3 als tel\u00e8fons de contacte i dades\u00a0banc\u00e0ries. En el cas que vulgueu modificar el correu electr\u00f2nic cal que us poseu\u00a0en contacte amb info@afatfc.cat, doncs no podeu modificar\u00a0directament el vostre e-mail.<\/li>\n<li>Alumnes: ATENCI\u00d3 el curs que apareix \u00e9s el del proper curs (NO canvieu curs). NO CAL complimentar la informaci\u00f3 m\u00e8dica.<\/li>\n<li>Fam\u00edlies: Si feu clic a la lupa podreu revisar la informaci\u00f3 econ\u00f2mica que figura actualment a l\u2019AFA (pagament quotes i asseguran\u00e7a)<\/li>\n<\/ul>\n<h3>6.- Vull donar d\u2019alta un altre tutor \u00bfCom ho faig?<\/h3>\n<p>Ves a l\u2019apartat Associats, subapartat Pares\/Mares\/Tutors i, just damunt del requadre\u00a0on apareixen els tutors assignats actualment, trobar\u00e0s \u201cAfegeix tutors\u201d. Fes clic i\u00a0complimenta la informaci\u00f3. \u00c9s imprescindible que s\u00e0pigues el n\u00ba de DNI del nou tutor,\u00a0sin\u00f3 l\u2019aplicaci\u00f3 no l\u2019accepta.<\/p>\n<h3>7.- Vull canviar el correu electr\u00f2nic on rebo els e-mails de l\u2019AMPA \u00bfCom ho faig?<\/h3>\n<p>L\u2019AMPAsoft no permet canviar l\u2019adre\u00e7a electr\u00f2nica de manera directa. Si vols canviar l\u2019e-mail on reps els correus de l\u2019AFA actualment, si us plau, fes la petici\u00f3 a info@afatfc.cat.<\/p>\n<h3>8.- \u00bfCom faig les preinscripcions?<\/h3>\n<ul>\n<li>Fes clic a l\u2019acc\u00e9s directe que trobar\u00e0s a la p\u00e0gina d\u2019inici;<\/li>\n<li>Fes clic a \u201cRealitzar preinscripcions\u201d<\/li>\n<li>Tria l\u2019alumne (si teniu m\u00e9s de dos fills, primer heu de fer la preinscripci\u00f3 d\u2019un i\u00a0despr\u00e9s de l\u2019altre o altres)<\/li>\n<li>Un cop hagis triat el fill\/a, nom\u00e9s veur\u00e0s a pantalla les activitats extraescolars a les\u00a0que es pot preinscriure (les destinades a la seva franja d\u2019edat)<\/li>\n<li>Marca les activitats extraescolars a les que vulguis inscriure\u2019l<\/li>\n<li>Per validar preinscripci\u00f3, ves a dalt a l\u2019esquerra i prem \u201cRealitzar preinscripci\u00f3\u201d, s\u2019obrir\u00e0 una finestra que t\u2019informar\u00e0 de les preinscripcions realitzades, si \u00e9s correcte,\u00a0prem \u201cValidar\u201d.<\/li>\n<li>Has de rebre un correu electr\u00f2nic de recepci\u00f3 de la preinscripci\u00f3 de cada una de les activitat extraescolars. En aquest correu s\u2019assigna un n\u00famero de preinscripci\u00f3 (en el\u00a0cas de m\u00e9s demanda que oferta de places, aquest n\u00famero determinar\u00e0 l\u2019ordre\u00a0d\u2019inscripci\u00f3).<\/li>\n<li>En un termini m\u00e0xim de dues setmanes, rebr\u00e0s un correu confirmant la vostra\u00a0preinscripci\u00f3 o posant-vos en llista d\u2019espera.<\/li>\n<\/ul>\n<\/div><style type='text\/css'>.reading-box-container-1 .element-bottomshadow:before,.reading-box-container-1 .element-bottomshadow:after{opacity:0.7;}<\/style><div class=\"fusion-reading-box-container reading-box-container-1\" style=\"--awb-title-color:#333333;--awb-margin-top:0px;--awb-margin-bottom:84px;\"><div class=\"reading-box\" style=\"background-color:#f6f6f6;border-width:1px;border-color:#f6f6f6;border-left-width:3px;border-left-color:var(--primary_color);border-style:solid;\"><a class=\"button fusion-button button-default fusion-button-default-size button-default-size button-flat fusion-desktop-button fusion-tagline-button continue fusion-desktop-button-margin continue-right\" style=\"-webkit-box-shadow:none;-moz-box-shadow:none;box-shadow:none;border-radius:2px 2px 2px 2px\" href=\"https:\/\/ampaescolalescorts.ampasoft.net\/login_ampasoft\" target=\"_self\"><span>Acc\u00e9s \/ Login<\/span><\/a><h2>Connecta't a Ampasoft aqu\u00ed<\/h2><div class=\"reading-box-description fusion-reading-box-additional\"> <\/div><div class=\"fusion-clearfix\"><\/div><a class=\"button fusion-button button-default fusion-button-default-size button-default-size button-flat fusion-mobile-button continue-right\" style=\"-webkit-box-shadow:none;-moz-box-shadow:none;box-shadow:none;border-radius:2px 2px 2px 2px\" href=\"https:\/\/ampaescolalescorts.ampasoft.net\/login_ampasoft\" target=\"_self\"><span>Acc\u00e9s \/ Login<\/span><\/a><\/div><\/div><div class=\"fusion-clearfix\"><\/div><\/div><\/div><div class=\"fusion-layout-column fusion_builder_column fusion-builder-column-1 fusion_builder_column_1_4 1_4 fusion-one-fourth fusion-column-last\" style=\"--awb-bg-size:cover;--awb-border-color:#03a9f4;--awb-border-style:solid;width:25%;width:calc(25% - ( ( 4% ) * 0.25 ) );\"><div class=\"fusion-column-wrapper fusion-flex-column-wrapper-legacy\"><div class=\"fusion-content-boxes content-boxes columns row fusion-columns-1 fusion-columns-total-1 fusion-content-boxes-1 content-boxes-clean-vertical content-left content-boxes-icon-on-top\" style=\"--awb-hover-accent-color:#005399;--awb-circle-hover-accent-color:#005399;--awb-item-margin-bottom:40px;\" data-animationOffset=\"top-into-view\"><div style=\"--awb-backgroundcolor:rgba(255,255,255,0);border-color:#03a9f4;\" class=\"fusion-column content-box-column content-box-column content-box-column-1 col-lg-12 col-md-12 col-sm-12 fusion-content-box-hover content-box-column-last content-box-column-last-in-row\"><div class=\"col content-box-wrapper content-wrapper link-area-box link-type-button icon-hover-animation-fade\" data-link=\"https:\/\/ampaescolalescorts.ampasoft.net\/login_ampasoft\" data-link-target=\"_blank\" data-animationOffset=\"top-into-view\"><div class=\"heading heading-with-icon icon-left\"><a class=\"heading-link\" href=\"https:\/\/ampaescolalescorts.ampasoft.net\/login_ampasoft\" target=\"_blank\" rel=\"noopener noreferrer\"><div class=\"icon\"><i style=\"border-color:#333333;border-width:0px;background-color:#333333;box-sizing:content-box;height:42px;width:42px;line-height:42px;border-radius:50%;font-size:21px;\" aria-hidden=\"true\" class=\"fontawesome-icon fa fa-plus-circle circle-yes\"><\/i><\/div><h2 class=\"content-box-heading fusion-responsive-typography-calculated\" style=\"--h2_typography-font-size:18px;--fontSize:18;line-height:1.29;\">Acc\u00e9s directe<\/h2><\/a><\/div><div class=\"fusion-clearfix\"><\/div><a class=\"fusion-read-more-button fusion-content-box-button fusion-button button-default fusion-button-default-size button- button-flat\" href=\"https:\/\/ampaescolalescorts.ampasoft.net\/login_ampasoft\" target=\"_blank\" rel=\"noopener noreferrer\"><span class=\"fusion-button-text\">LOGIN<\/span><\/a><div class=\"fusion-clearfix\"><\/div><\/div><\/div><div class=\"fusion-clearfix\"><\/div><\/div><div class=\"fusion-builder-row fusion-builder-row-inner fusion-row\"><div class=\"fusion-layout-column fusion_builder_column_inner fusion-builder-nested-column-0 fusion_builder_column_inner_1_1 1_1 fusion-one-full fusion-column-first fusion-column-last\" style=\"--awb-padding-top:0px;--awb-padding-right:10%;--awb-padding-left:10%;--awb-bg-size:cover;\"><div class=\"fusion-column-wrapper fusion-flex-column-wrapper-legacy\"><div class=\"fusion-text fusion-text-2\"><div class=\"heading icon-left\">\n<h3 class=\"content-box-heading\" data-inline-fontsize=\"true\" data-inline-lineheight=\"true\" data-fontsize=\"18\" data-lineheight=\"23\">Alta \/ contrasenya<\/h3>\n<\/div>\n<div class=\"fusion-clearfix\">Si ja pertanys a l\u2019Ampa, <a href=\"https:\/\/ampaescolalescorts.ampasoft.net\/recupera_contrasenya\" target=\"_blank\" rel=\"noopener noreferrer\">sol.licita la teva contrasenya<\/a> per accedir a l\u2019aplicaci\u00f3. <a href=\"https:\/\/ampaescolalescorts.ampasoft.net\/recupera_contrasenya\" target=\"_blank\" rel=\"noopener noreferrer\">Has perdut la contrasenya?<\/a><br \/>\nSi ets nou a l\u2019Ampa, d\u00f3na\u2019t d\u2019alta aqu\u00ed<\/div>\n<\/div><div class=\"fusion-clearfix\"><\/div><\/div><\/div><\/div><div class=\"fusion-clearfix\"><\/div><\/div><\/div><\/div><\/div>\n","protected":false},"excerpt":{"rendered":"","protected":false},"author":2,"featured_media":0,"parent":2894,"menu_order":0,"comment_status":"closed","ping_status":"closed","template":"","meta":[],"_links":{"self":[{"href":"https:\/\/afatfc.cat\/cms\/wp-json\/wp\/v2\/pages\/2925"}],"collection":[{"href":"https:\/\/afatfc.cat\/cms\/wp-json\/wp\/v2\/pages"}],"about":[{"href":"https:\/\/afatfc.cat\/cms\/wp-json\/wp\/v2\/types\/page"}],"author":[{"embeddable":true,"href":"https:\/\/afatfc.cat\/cms\/wp-json\/wp\/v2\/users\/2"}],"replies":[{"embeddable":true,"href":"https:\/\/afatfc.cat\/cms\/wp-json\/wp\/v2\/comments?post=2925"}],"version-history":[{"count":8,"href":"https:\/\/afatfc.cat\/cms\/wp-json\/wp\/v2\/pages\/2925\/revisions"}],"predecessor-version":[{"id":7093,"href":"https:\/\/afatfc.cat\/cms\/wp-json\/wp\/v2\/pages\/2925\/revisions\/7093"}],"up":[{"embeddable":true,"href":"https:\/\/afatfc.cat\/cms\/wp-json\/wp\/v2\/pages\/2894"}],"wp:attachment":[{"href":"https:\/\/afatfc.cat\/cms\/wp-json\/wp\/v2\/media?parent=2925"}],"curies":[{"name":"wp","href":"https:\/\/api.w.org\/{rel}","templated":true}]}}