{"id":1918,"date":"2017-03-02T17:29:13","date_gmt":"2017-03-02T16:29:13","guid":{"rendered":"http:\/\/demoampa.trucosviajeros.com\/?page_id=1918"},"modified":"2022-06-13T08:06:59","modified_gmt":"2022-06-13T06:06:59","slug":"comissio-reutilitzacio-de-llibre","status":"publish","type":"page","link":"https:\/\/afatfc.cat\/cms\/comissions\/comissio-reutilitzacio-de-llibre\/","title":{"rendered":"Comissi\u00f3 Reutilitzaci\u00f3 de Llibres"},"content":{"rendered":"<h2>Socialitzaci\u00f3 i reutilitzaci\u00f3 de llibres<\/h2>\n<h3>Objectiu:<\/h3>\n<p>Treballar una proposta i un pla esec\u00edfic perqu\u00e8 la reutilitzaci\u00f3 de llibres pugui ser una realitat a la nostra Escola.<\/p>\n<p>&nbsp;<\/p>\n<div class=\"fusion-fullwidth fullwidth-box nonhundred-percent-fullwidth\">\n<div class=\"fusion-builder-row fusion-row \">\n<div class=\"fusion-layout-column fusion_builder_column fusion_builder_column_1_1 fusion-one-full fusion-column-first fusion-column-last fusion-column-no-min-height 1_1\">\n<div class=\"fusion-column-wrapper\" data-bg-url=\"\">\n<h3 data-fontsize=\"35\" data-lineheight=\"45\">Vols participar?<\/h3>\n<p>Participar en una comissi\u00f3 no significa necess\u00e0riament assistir a reunions als vespres, sin\u00f3 que comporta coordinar-se amb els altres membres i responsabilitzar-se d\u2019una gesti\u00f3 o tasca determinada (alguns exemples: fer telefonades, ajudar a preparar les diferents festes, revisar factures, anar a comparar all\u00f2 que es necessiti, reunir-se amb els prove\u00efdors de serveis en hores convenients\u2026).<\/p>\n<div class=\"fusion-clearfix\"><\/div>\n<\/div>\n<\/div>\n<\/div>\n<\/div>\n<div class=\"fusion-fullwidth fullwidth-box nonhundred-percent-fullwidth\"><\/div>\n<style type='text\/css'>.reading-box-container-1 .element-bottomshadow:before,.reading-box-container-1 .element-bottomshadow:after{opacity:0.7;}<\/style><div class=\"fusion-reading-box-container reading-box-container-1\" style=\"--awb-title-color:#333333;--awb-margin-top:0px;--awb-margin-bottom:84px;\"><div class=\"reading-box\" style=\"background-color:#f6f6f6;border-width:1px;border-color:#f6f6f6;border-left-width:3px;border-left-color:var(--primary_color);border-style:solid;\"><a class=\"button fusion-button button-default fusion-button-default-size button-default-size button-flat fusion-desktop-button fusion-tagline-button continue fusion-desktop-button-margin continue-right\" style=\"-webkit-box-shadow:none;-moz-box-shadow:none;box-shadow:none;border-radius:0px 0px 0px 0px\" href=\"https:\/\/www.afatfc.cat\/cms\/contact\/\" target=\"_self\"><span>Contacta<\/span><\/a><h2>Contacta amb la comissi\u00f3<\/h2><div class=\"reading-box-description fusion-reading-box-additional\"> <\/div><div class=\"reading-box-additional\"><\/p>\n<p><\/div><div class=\"fusion-clearfix\"><\/div><a class=\"button fusion-button button-default fusion-button-default-size button-default-size button-flat fusion-mobile-button continue-right\" style=\"-webkit-box-shadow:none;-moz-box-shadow:none;box-shadow:none;border-radius:0px 0px 0px 0px\" href=\"https:\/\/www.afatfc.cat\/cms\/contact\/\" target=\"_self\"><span>Contacta<\/span><\/a><\/div><\/div>\n<p><a href=\"https:\/\/www.afatfc.cat\/cms\/comissions\/\">Tornar a la p\u00e0gina de comissions<br \/>\n<\/a><\/p>\n","protected":false},"excerpt":{"rendered":"<p>Socialitzaci\u00f3 i reutilitzaci\u00f3 de llibres Objectiu: Treballar una proposta i un pla esec\u00edfic perqu\u00e8 la reutilitzaci\u00f3 de llibres pugui ser una realitat [&hellip;]<\/p>\n","protected":false},"author":2,"featured_media":0,"parent":1320,"menu_order":0,"comment_status":"closed","ping_status":"closed","template":"","meta":[],"_links":{"self":[{"href":"https:\/\/afatfc.cat\/cms\/wp-json\/wp\/v2\/pages\/1918"}],"collection":[{"href":"https:\/\/afatfc.cat\/cms\/wp-json\/wp\/v2\/pages"}],"about":[{"href":"https:\/\/afatfc.cat\/cms\/wp-json\/wp\/v2\/types\/page"}],"author":[{"embeddable":true,"href":"https:\/\/afatfc.cat\/cms\/wp-json\/wp\/v2\/users\/2"}],"replies":[{"embeddable":true,"href":"https:\/\/afatfc.cat\/cms\/wp-json\/wp\/v2\/comments?post=1918"}],"version-history":[{"count":3,"href":"https:\/\/afatfc.cat\/cms\/wp-json\/wp\/v2\/pages\/1918\/revisions"}],"predecessor-version":[{"id":8320,"href":"https:\/\/afatfc.cat\/cms\/wp-json\/wp\/v2\/pages\/1918\/revisions\/8320"}],"up":[{"embeddable":true,"href":"https:\/\/afatfc.cat\/cms\/wp-json\/wp\/v2\/pages\/1320"}],"wp:attachment":[{"href":"https:\/\/afatfc.cat\/cms\/wp-json\/wp\/v2\/media?parent=1918"}],"curies":[{"name":"wp","href":"https:\/\/api.w.org\/{rel}","templated":true}]}}