{"id":1816,"date":"2017-02-28T18:10:42","date_gmt":"2017-02-28T17:10:42","guid":{"rendered":"http:\/\/demoampa.trucosviajeros.com\/?page_id=1816"},"modified":"2020-10-15T15:20:41","modified_gmt":"2020-10-15T13:20:41","slug":"que-fem","status":"publish","type":"page","link":"https:\/\/afatfc.cat\/cms\/qui-som\/que-fem\/","title":{"rendered":"Qu\u00e8 fem?"},"content":{"rendered":"<p><div class=\"fusion-fullwidth fullwidth-box fusion-builder-row-1 nonhundred-percent-fullwidth non-hundred-percent-height-scrolling\" style=\"--awb-border-radius-top-left:0px;--awb-border-radius-top-right:0px;--awb-border-radius-bottom-right:0px;--awb-border-radius-bottom-left:0px;--awb-padding-top:20px;--awb-padding-bottom:20px;--awb-flex-wrap:wrap;\" ><div class=\"fusion-builder-row fusion-row\"><div class=\"fusion-layout-column fusion_builder_column fusion-builder-column-0 fusion_builder_column_1_1 1_1 fusion-one-full fusion-column-first fusion-column-last\" style=\"--awb-bg-size:cover;\"><div class=\"fusion-column-wrapper fusion-flex-column-wrapper-legacy\"><div class=\"fusion-text fusion-text-1\"><h2 style=\"text-align: center;\">Qu\u00e8\u00a0fem?<\/h2>\n<\/div><div class=\"fusion-text fusion-text-2\"><p>Els nostres objectius s\u00f3n cooperar amb el centre per aconseguir un educaci\u00f3 de qualitat, gestionar totes les activitats i serveis fora de l\u2019horari lectiu i promoure la participaci\u00f3 de les fam\u00edlies en les activitats del centre.<\/p>\n<\/div><div class=\"fusion-clearfix\"><\/div><\/div><\/div><\/div><\/div><div class=\"fusion-fullwidth fullwidth-box fusion-builder-row-2 nonhundred-percent-fullwidth non-hundred-percent-height-scrolling\" style=\"--awb-border-radius-top-left:0px;--awb-border-radius-top-right:0px;--awb-border-radius-bottom-right:0px;--awb-border-radius-bottom-left:0px;--awb-padding-top:20px;--awb-padding-right:5%;--awb-padding-bottom:20px;--awb-padding-left:5%;--awb-flex-wrap:wrap;\" ><div class=\"fusion-builder-row fusion-row\"><div class=\"fusion-layout-column fusion_builder_column fusion-builder-column-1 fusion_builder_column_1_2 1_2 fusion-one-half fusion-column-first\" style=\"--awb-bg-size:cover;width:50%;width:calc(50% - ( ( 4% ) * 0.5 ) );margin-right: 4%;\"><div class=\"fusion-column-wrapper fusion-flex-column-wrapper-legacy\"><div class=\"fusion-text fusion-text-3\"><ul>\n<li><strong>Col\u00b7laborem amb l\u2019equip docent<\/strong> en el bon funcionament de l\u2019escola.<\/li>\n<li><strong>Aportem finan\u00e7ament a l\u2019escola<\/strong> en alguns aspectes on el seu pressupost no hi arriba, per exemple, hem comprat pissarres digitals, hem ampliat fons biblioteca etc.<\/li>\n<li>Formem part amb representaci\u00f3 pr\u00f2pia <strong>al Consell Escolar del centre<\/strong>*.<\/li>\n<li>Atenem i canalitzem les <strong>inquietuds o iniciatives dels pares i mares<\/strong> relacionades amb l\u2019escola, a trav\u00e9s de les institucions escolars, el Consell, els delegats de curs i les comissions.<\/li>\n<li>Gestionem el <strong>servei d\u2019acollida de mat\u00ed i la ludoteca de tarda.<\/strong><\/li>\n<li>Impulsem, organitzem i fem seguiment de m\u00e9s de <strong>19 tipus d\u2019 activitats extraescolars.<\/strong><\/li>\n<li>Impulsem i organitzem el <strong>Casal i les Col\u00f2nies d\u2019Estiu.<\/strong><\/li>\n<li>Organitzem les <strong>festes de: Benvinguda P3, Nadal, Carnestoltes, Sant Jordi, Fi de curs, i Comiat de 6\u00e8<\/strong>, alhora que tamb\u00e9 com col\u00b7laborem amb l\u2019escola en les festes internes de Carnestoltes i Sant Jordi.<\/li>\n<\/ul>\n<\/div><div class=\"fusion-clearfix\"><\/div><\/div><\/div><div class=\"fusion-layout-column fusion_builder_column fusion-builder-column-2 fusion_builder_column_1_2 1_2 fusion-one-half fusion-column-last\" style=\"--awb-bg-size:cover;width:50%;width:calc(50% - ( ( 4% ) * 0.5 ) );\"><div class=\"fusion-column-wrapper fusion-flex-column-wrapper-legacy\"><div class=\"fusion-text fusion-text-4\"><ul>\n<li>Gestionem i dinamitzem la <strong>Colla de geganters<\/strong> i els <strong>Timbalers.<\/strong><\/li>\n<li>Organitzem xerrades de formaci\u00f3 adre\u00e7ada a pares i mares (<strong>Escola de Pares<\/strong>).<\/li>\n<li>Tramitem les sol\u00b7licituds de <strong>subvencions<\/strong> a l\u2019Ajuntament per a les activitats extraescolars, i busquem altres ajudes econ\u00f2miques que ens permetin obtenir mes recursos.<\/li>\n<li>Impulsem i coordinem, juntament amb els monitors de menjador, <strong>l\u2019hort escolar.<\/strong><\/li>\n<li>Impulsem, creem i gestionem els diferents <strong>canals de comunicaci\u00f3 de l\u2019AFA amb les fam\u00edlies<\/strong> (Web, Facebook).<\/li>\n<li>Gestionem tots els <strong>tr\u00e0mits administratius<\/strong> necessaris pel bon funcionament de l\u2019AFA.<\/li>\n<li>Administrem i gestionem el <strong>recursos econ\u00f2mics<\/strong> que aporten els associats.<\/li>\n<\/ul>\n<\/div><div class=\"fusion-clearfix\"><\/div><\/div><\/div><div class=\"fusion-layout-column fusion_builder_column fusion-builder-column-3 fusion_builder_column_1_1 1_1 fusion-one-full fusion-column-first fusion-column-last\" style=\"--awb-bg-size:cover;\"><div class=\"fusion-column-wrapper fusion-flex-column-wrapper-legacy\"><div class=\"fusion-text fusion-text-5\"><p>*\u00d2rgan de participaci\u00f3 dels diferents sectors de la comunitat educativa en el govern del centre. Hi ha representats tots els col\u00b7lectius: direcci\u00f3, professorat, alumnat, pares i mares i personal d&#8217;administraci\u00f3 i serveis. La funci\u00f3 principal \u00e9s vetllar pel bon funcionament i l&#8217;organitzaci\u00f3 del centre.<\/p>\n<\/div><div class=\"fusion-clearfix\"><\/div><\/div><\/div><\/div><\/div><div class=\"fusion-fullwidth fullwidth-box fusion-builder-row-3 hundred-percent-fullwidth non-hundred-percent-height-scrolling\" style=\"--awb-border-radius-top-left:0px;--awb-border-radius-top-right:0px;--awb-border-radius-bottom-right:0px;--awb-border-radius-bottom-left:0px;--awb-padding-top:20px;--awb-padding-bottom:20px;--awb-flex-wrap:wrap;\" ><div class=\"fusion-builder-row fusion-row\"><div class=\"fusion-layout-column fusion_builder_column fusion-builder-column-4 fusion_builder_column_1_1 1_1 fusion-one-full fusion-column-first fusion-column-last\" style=\"--awb-bg-size:cover;\"><div class=\"fusion-column-wrapper fusion-flex-column-wrapper-legacy\"><style type='text\/css'>.reading-box-container-1 .element-bottomshadow:before,.reading-box-container-1 .element-bottomshadow:after{opacity:0.7;}<\/style><div class=\"fusion-reading-box-container reading-box-container-1\" style=\"--awb-title-color:#333333;--awb-margin-top:0px;--awb-margin-bottom:84px;\"><div class=\"reading-box\" style=\"background-color:#f6f6f6;border-width:1px;border-color:#f6f6f6;border-left-width:3px;border-left-color:var(--primary_color);border-style:solid;\"><a class=\"button fusion-button button-default fusion-button-default-size button-default-size button-flat fusion-desktop-button fusion-tagline-button continue fusion-desktop-button-margin continue-right\" style=\"-webkit-box-shadow:none;-moz-box-shadow:none;box-shadow:none;border-radius:2px 2px 2px 2px\" href=\"https:\/\/www.afatfc.cat\/cms\/qui-som\/com-ens-organitzem\/\" target=\"_self\"><span>Llegir m\u00e9s<\/span><\/a><h2>Com ens organitzem?<\/h2><div class=\"reading-box-description fusion-reading-box-additional\"> <\/div><div class=\"fusion-clearfix\"><\/div><a class=\"button fusion-button button-default fusion-button-default-size button-default-size button-flat fusion-mobile-button continue-right\" style=\"-webkit-box-shadow:none;-moz-box-shadow:none;box-shadow:none;border-radius:2px 2px 2px 2px\" href=\"https:\/\/www.afatfc.cat\/cms\/qui-som\/com-ens-organitzem\/\" target=\"_self\"><span>Llegir m\u00e9s<\/span><\/a><\/div><\/div><div class=\"fusion-clearfix\"><\/div><\/div><\/div><\/div><\/div><div class=\"fusion-fullwidth fullwidth-box fusion-builder-row-4 hundred-percent-fullwidth non-hundred-percent-height-scrolling\" style=\"--awb-background-position:left top;--awb-border-radius-top-left:0px;--awb-border-radius-top-right:0px;--awb-border-radius-bottom-right:0px;--awb-border-radius-bottom-left:0px;--awb-padding-top:40px;--awb-padding-bottom:40px;--awb-background-color:#005399;--awb-border-sizes-top:0px;--awb-border-sizes-bottom:0px;--awb-flex-wrap:wrap;\" ><div class=\"fusion-builder-row fusion-row\"><div class=\"fusion-layout-column fusion_builder_column fusion-builder-column-5 fusion_builder_column_1_1 1_1 fusion-one-full fusion-column-first fusion-column-last fusion-column-no-min-height\" style=\"--awb-padding-right:15%;--awb-padding-left:15%;--awb-bg-size:cover;\"><div class=\"fusion-column-wrapper fusion-flex-column-wrapper-legacy\"><div class=\"fusion-column-content-centered\"><div class=\"fusion-column-content\"><div class=\"fusion-text fusion-text-6\"><h3 style=\"color: #ffffff; letter-spacing: 1px; text-align: center;\">L\u2019AFA som m\u00e9s que un gra de sorra dins la vida de l\u2019escola: Som la veu de totes les fam\u00edlies treballant per una educaci\u00f3 de qualitat.<\/h3>\n<p style=\"text-align: center;\"><span style=\"color: #ffffff;\">Per aix\u00f2 necessitem gent com tu: Gent que cregui que l\u2019educaci\u00f3 \u00e9s una responsabilitat compartida amb l\u2019escola i s\u2019impliqui en la gesti\u00f3 i activitats de l\u2019AFA.<\/span><\/p>\n<p style=\"text-align: center;\"><span style=\"color: #ffffff;\">Tant se val si disposes d\u2019una hora al mes o a la setmana, la teva cooperaci\u00f3 \u00e9s valuosa.<\/span><\/p>\n<\/div><div class=\"fusion-sep-clear\"><\/div><div class=\"fusion-separator fusion-full-width-sep\" style=\"margin-left: auto;margin-right: auto;margin-top:5px;margin-bottom:5px;width:100%;\"><\/div><div class=\"fusion-sep-clear\"><\/div><div class=\"fusion-aligncenter\"><a class=\"fusion-button button-flat button-xlarge button-custom fusion-button-default button-1 fusion-button-span-no button-action\" style=\"--button_accent_color:#ffffff;--button_accent_hover_color:#3e7ccc;--button_border_hover_color:#3e7ccc;--button_border_width-top:2px;--button_border_width-right:2px;--button_border_width-bottom:2px;--button_border_width-left:2px;--button_gradient_top_color:rgba(255,255,255,0);--button_gradient_bottom_color:rgba(255,255,255,0);--button_gradient_top_color_hover:#ffffff;--button_gradient_bottom_color_hover:#ffffff;\" target=\"_self\" href=\"https:\/\/www.afatfc.cat\/cms\/contact\/\"><span class=\"fusion-button-text\">Participes?<\/span><\/a><\/div><\/div><\/div><div class=\"fusion-clearfix\"><\/div><\/div><\/div><\/div><\/div><div class=\"fusion-fullwidth fullwidth-box fusion-builder-row-5 nonhundred-percent-fullwidth non-hundred-percent-height-scrolling\" style=\"--awb-border-radius-top-left:0px;--awb-border-radius-top-right:0px;--awb-border-radius-bottom-right:0px;--awb-border-radius-bottom-left:0px;--awb-flex-wrap:wrap;\" ><\/div><\/p>\n","protected":false},"excerpt":{"rendered":"","protected":false},"author":2,"featured_media":0,"parent":2166,"menu_order":0,"comment_status":"closed","ping_status":"closed","template":"","meta":[],"_links":{"self":[{"href":"https:\/\/afatfc.cat\/cms\/wp-json\/wp\/v2\/pages\/1816"}],"collection":[{"href":"https:\/\/afatfc.cat\/cms\/wp-json\/wp\/v2\/pages"}],"about":[{"href":"https:\/\/afatfc.cat\/cms\/wp-json\/wp\/v2\/types\/page"}],"author":[{"embeddable":true,"href":"https:\/\/afatfc.cat\/cms\/wp-json\/wp\/v2\/users\/2"}],"replies":[{"embeddable":true,"href":"https:\/\/afatfc.cat\/cms\/wp-json\/wp\/v2\/comments?post=1816"}],"version-history":[{"count":3,"href":"https:\/\/afatfc.cat\/cms\/wp-json\/wp\/v2\/pages\/1816\/revisions"}],"predecessor-version":[{"id":7095,"href":"https:\/\/afatfc.cat\/cms\/wp-json\/wp\/v2\/pages\/1816\/revisions\/7095"}],"up":[{"embeddable":true,"href":"https:\/\/afatfc.cat\/cms\/wp-json\/wp\/v2\/pages\/2166"}],"wp:attachment":[{"href":"https:\/\/afatfc.cat\/cms\/wp-json\/wp\/v2\/media?parent=1816"}],"curies":[{"name":"wp","href":"https:\/\/api.w.org\/{rel}","templated":true}]}}